{"id":23,"date":"2023-12-14T11:04:34","date_gmt":"2023-12-14T16:04:34","guid":{"rendered":"https:\/\/quirofanos2sur.com\/?page_id=23"},"modified":"2025-08-14T10:32:33","modified_gmt":"2025-08-14T15:32:33","slug":"contacto","status":"publish","type":"page","link":"https:\/\/quirofanos2sur.com\/en\/contacto\/","title":{"rendered":"Contact"},"content":{"rendered":"\t\t<div data-elementor-type=\"wp-page\" data-elementor-id=\"23\" class=\"elementor elementor-23\" data-elementor-settings=\"{&quot;ha_cmc_init_switcher&quot;:&quot;no&quot;}\" data-elementor-post-type=\"page\">\n\t\t\t\t<div class=\"elementor-element elementor-element-014903d e-con-full elementor-hidden-mobile e-flex e-con e-parent\" data-id=\"014903d\" data-element_type=\"container\" data-e-type=\"container\" data-settings=\"{&quot;background_background&quot;:&quot;classic&quot;,&quot;_ha_eqh_enable&quot;:false}\">\n\t\t<div class=\"elementor-element elementor-element-7015f96 e-con-full e-flex e-con e-child\" data-id=\"7015f96\" data-element_type=\"container\" data-e-type=\"container\" data-settings=\"{&quot;_ha_eqh_enable&quot;:false}\">\n\t\t\t\t<\/div>\n\t\t\t\t<\/div>\n\t\t<div class=\"elementor-element elementor-element-e438864 e-flex e-con-boxed e-con e-parent\" data-id=\"e438864\" data-element_type=\"container\" data-e-type=\"container\" data-settings=\"{&quot;background_background&quot;:&quot;classic&quot;,&quot;_ha_eqh_enable&quot;:false}\">\n\t\t\t\t\t<div class=\"e-con-inner\">\n\t\t<div class=\"elementor-element elementor-element-a22dbc6 e-con-full e-flex e-con e-child\" data-id=\"a22dbc6\" data-element_type=\"container\" data-e-type=\"container\" data-settings=\"{&quot;_ha_eqh_enable&quot;:false}\">\n\t\t\t\t<div class=\"elementor-element elementor-element-c34c270 elementor-widget elementor-widget-heading\" data-id=\"c34c270\" data-element_type=\"widget\" data-e-type=\"widget\" data-widget_type=\"heading.default\">\n\t\t\t\t\t<h2 class=\"elementor-heading-title elementor-size-default\">Gesti\u00f3n de PQRs<\/h2>\t\t\t\t<\/div>\n\t\t\t\t<div class=\"elementor-element elementor-element-f0fe6b2 elementor-widget elementor-widget-heading\" data-id=\"f0fe6b2\" data-element_type=\"widget\" data-e-type=\"widget\" data-widget_type=\"heading.default\">\n\t\t\t\t\t<h2 class=\"elementor-heading-title elementor-size-default\"><b>Comprometidos con su Bienestar.<\/b><br>\nEn nuestra instituci\u00f3n, su opini\u00f3n es clave para mejorar continuamente nuestros servicios. A trav\u00e9s de este canal, puede registrar sus\u00a0<b>Peticiones, Quejas, Reclamos y Sugerencias (PQRs) de manera \u00e1gil y efectiva.<\/b><\/h2>\t\t\t\t<\/div>\n\t\t\t\t<\/div>\n\t\t<div class=\"elementor-element elementor-element-94ee554 e-con-full e-flex e-con e-child\" data-id=\"94ee554\" data-element_type=\"container\" data-e-type=\"container\" data-settings=\"{&quot;background_background&quot;:&quot;gradient&quot;,&quot;_ha_eqh_enable&quot;:false}\">\n\t\t\t\t<div class=\"elementor-element elementor-element-f538e44 elementor-button-align-center elementor-widget elementor-widget-form\" data-id=\"f538e44\" data-element_type=\"widget\" data-e-type=\"widget\" data-settings=\"{&quot;step_next_label&quot;:&quot;Next&quot;,&quot;step_previous_label&quot;:&quot;Previous&quot;,&quot;button_width&quot;:&quot;100&quot;,&quot;step_type&quot;:&quot;number_text&quot;,&quot;step_icon_shape&quot;:&quot;circle&quot;}\" data-widget_type=\"form.default\">\n\t\t\t\t\t\t\t<form class=\"elementor-form\" method=\"post\" name=\"New Form\" aria-label=\"New Form\">\n\t\t\t<input type=\"hidden\" name=\"post_id\" value=\"23\"\/>\n\t\t\t<input type=\"hidden\" name=\"form_id\" value=\"f538e44\"\/>\n\t\t\t<input type=\"hidden\" name=\"referer_title\" value=\"Contacto - Quir\u00f3fanos 2SUR\" \/>\n\n\t\t\t\t\t\t\t<input type=\"hidden\" name=\"queried_id\" value=\"23\"\/>\n\t\t\t\n\t\t\t<div class=\"elementor-form-fields-wrapper elementor-labels-above\">\n\t\t\t\t\t\t\t\t<div class=\"elementor-field-type-text elementor-field-group elementor-column elementor-field-group-name elementor-col-100 elementor-field-required\">\n\t\t\t\t\t\t\t\t\t\t\t\t\t<input size=\"1\" type=\"text\" name=\"form_fields[name]\" id=\"form-field-name\" class=\"elementor-field elementor-size-sm  elementor-field-textual\" placeholder=\"NOMBRE COMPLETO\" required=\"required\">\n\t\t\t\t\t\t\t\t\t\t\t<\/div>\n\t\t\t\t\t\t\t\t<div class=\"elementor-field-type-tel elementor-field-group elementor-column elementor-field-group-field_3c4f2b2 elementor-col-100 elementor-field-required\">\n\t\t\t\t\t\t\t<input size=\"1\" type=\"tel\" name=\"form_fields[field_3c4f2b2]\" id=\"form-field-field_3c4f2b2\" class=\"elementor-field elementor-size-sm  elementor-field-textual\" placeholder=\"CELULAR\" required=\"required\" pattern=\"[0-9()#&amp;+*-=.]+\" title=\"Only numbers and phone characters (#, -, *, etc) are accepted.\">\n\n\t\t\t\t\t\t<\/div>\n\t\t\t\t\t\t\t\t<div class=\"elementor-field-type-email elementor-field-group elementor-column elementor-field-group-email elementor-col-100 elementor-field-required\">\n\t\t\t\t\t\t\t\t\t\t\t\t\t<input size=\"1\" type=\"email\" name=\"form_fields[email]\" id=\"form-field-email\" class=\"elementor-field elementor-size-sm  elementor-field-textual\" placeholder=\"EMAIL\" required=\"required\">\n\t\t\t\t\t\t\t\t\t\t\t<\/div>\n\t\t\t\t\t\t\t\t<div class=\"elementor-field-type-textarea elementor-field-group elementor-column elementor-field-group-message elementor-col-100 elementor-field-required\">\n\t\t\t\t\t<textarea class=\"elementor-field-textual elementor-field  elementor-size-sm\" name=\"form_fields[message]\" id=\"form-field-message\" rows=\"4\" placeholder=\"MENSAJE\" required=\"required\"><\/textarea>\t\t\t\t<\/div>\n\t\t\t\t\t\t\t\t<div class=\"elementor-field-type-recaptcha_v3 elementor-field-group elementor-column elementor-field-group-field_61c26d9 elementor-col-100 recaptcha_v3-bottomright\">\n\t\t\t\t\t<div class=\"elementor-field\" id=\"form-field-field_61c26d9\"><div class=\"elementor-g-recaptcha\" data-sitekey=\"6Lcaf-EqAAAAAOUrZjkZfJpTYT8SKH3ITfdkBICZ\" data-type=\"v3\" data-action=\"Form\" data-badge=\"bottomright\" data-size=\"invisible\"><\/div><\/div>\t\t\t\t<\/div>\n\t\t\t\t\t\t\t\t<div class=\"elementor-field-group elementor-column elementor-field-type-submit elementor-col-100 e-form__buttons\">\n\t\t\t\t\t<button class=\"elementor-button elementor-size-sm\" type=\"submit\">\n\t\t\t\t\t\t<span class=\"elementor-button-content-wrapper\">\n\t\t\t\t\t\t\t\t\t\t\t\t\t\t\t\t\t\t\t\t\t\t<span class=\"elementor-button-text\">ENVIAR<\/span>\n\t\t\t\t\t\t\t\t\t\t\t\t\t<\/span>\n\t\t\t\t\t<\/button>\n\t\t\t\t<\/div>\n\t\t\t<\/div>\n\t\t<\/form>\n\t\t\t\t\t\t<\/div>\n\t\t\t\t<\/div>\n\t\t\t\t\t<\/div>\n\t\t\t\t<\/div>\n\t\t<div class=\"elementor-element elementor-element-35ffa1b e-flex e-con-boxed e-con e-parent\" data-id=\"35ffa1b\" data-element_type=\"container\" data-e-type=\"container\" data-settings=\"{&quot;_ha_eqh_enable&quot;:false}\">\n\t\t\t\t\t<div class=\"e-con-inner\">\n\t\t<div class=\"elementor-element elementor-element-d405178 e-con-full e-flex e-con e-child\" data-id=\"d405178\" data-element_type=\"container\" data-e-type=\"container\" data-settings=\"{&quot;_ha_eqh_enable&quot;:false}\">\n\t\t\t\t<div class=\"elementor-element elementor-element-e9f2182 elementor-widget elementor-widget-text-editor\" data-id=\"e9f2182\" data-element_type=\"widget\" data-e-type=\"widget\" data-widget_type=\"text-editor.default\">\n\t\t\t\t\t\t\t\t\t<p>Nos comprometemos a gestionar cada solicitud con seriedad, garantizando una respuesta clara y oportuna para optimizar su experiencia en nuestros servicios quir\u00fargicos.<br \/>\u00a0<br \/><strong>Confidencialidad y Respuesta R\u00e1pida<\/strong><br \/>Puede enviar su requerimiento de manera an\u00f3nima. Sin embargo, si desea recibir una respuesta m\u00e1s \u00e1gil y un seguimiento oportuno, le recomendamos proporcionar su correo electr\u00f3nico. Estamos aqu\u00ed para ofrecerle soluciones inmediatas y mejorar su bienestar.<\/p>\t\t\t\t\t\t\t\t<\/div>\n\t\t\t\t<\/div>\n\t\t\t\t\t<\/div>\n\t\t\t\t<\/div>\n\t\t\t\t<\/div>\n\t\t","protected":false},"excerpt":{"rendered":"<p>Gesti\u00f3n de PQRs Comprometidos con su Bienestar. En nuestra instituci\u00f3n, su opini\u00f3n es clave para mejorar continuamente nuestros servicios. A trav\u00e9s de este canal, puede registrar sus\u00a0Peticiones, Quejas, Reclamos y Sugerencias (PQRs) de manera \u00e1gil y efectiva. Nos comprometemos a gestionar cada solicitud con seriedad, garantizando una respuesta clara y oportuna para optimizar su experiencia [&hellip;]<\/p>\n","protected":false},"author":1,"featured_media":0,"parent":0,"menu_order":0,"comment_status":"closed","ping_status":"closed","template":"","meta":{"footnotes":""},"class_list":["post-23","page","type-page","status-publish","hentry"],"yoast_head":"<!-- This site is optimized with the Yoast SEO plugin v27.4 - https:\/\/yoast.com\/product\/yoast-seo-wordpress\/ -->\n<title>Contacto - Quir\u00f3fanos 2SUR<\/title>\n<meta name=\"description\" content=\"Quir\u00f3fanos 2SUR - \u00a1Cont\u00e1ctanos hoy mismo y descubre c\u00f3mo podemos colaborar para mejorar tu experiencia en el quir\u00f3fano!\" \/>\n<meta name=\"robots\" content=\"index, follow, max-snippet:-1, max-image-preview:large, max-video-preview:-1\" \/>\n<link rel=\"canonical\" href=\"https:\/\/quirofanos2sur.com\/en\/contacto\/\" \/>\n<meta property=\"og:locale\" content=\"en_US\" \/>\n<meta property=\"og:type\" content=\"article\" \/>\n<meta property=\"og:title\" content=\"Contacto - Quir\u00f3fanos 2SUR\" \/>\n<meta property=\"og:description\" content=\"Quir\u00f3fanos 2SUR - \u00a1Cont\u00e1ctanos hoy mismo y descubre c\u00f3mo podemos colaborar para mejorar tu experiencia en el quir\u00f3fano!\" \/>\n<meta property=\"og:url\" content=\"https:\/\/quirofanos2sur.com\/en\/contacto\/\" \/>\n<meta property=\"og:site_name\" content=\"Quir\u00f3fanos 2SUR\" \/>\n<meta property=\"article:publisher\" content=\"https:\/\/www.facebook.com\/people\/Quirfanos-2-Sur\/61554219065743\/?mibextid=ZbWKwL\" \/>\n<meta property=\"article:modified_time\" content=\"2025-08-14T15:32:33+00:00\" \/>\n<meta name=\"twitter:card\" content=\"summary_large_image\" \/>\n<meta name=\"twitter:label1\" content=\"Est. reading time\" \/>\n\t<meta name=\"twitter:data1\" content=\"1 minute\" \/>\n<script type=\"application\/ld+json\" class=\"yoast-schema-graph\">{\"@context\":\"https:\\\/\\\/schema.org\",\"@graph\":[{\"@type\":\"WebPage\",\"@id\":\"https:\\\/\\\/quirofanos2sur.com\\\/contacto\\\/\",\"url\":\"https:\\\/\\\/quirofanos2sur.com\\\/contacto\\\/\",\"name\":\"Contacto - Quir\u00f3fanos 2SUR\",\"isPartOf\":{\"@id\":\"https:\\\/\\\/quirofanos2sur.com\\\/#website\"},\"datePublished\":\"2023-12-14T16:04:34+00:00\",\"dateModified\":\"2025-08-14T15:32:33+00:00\",\"description\":\"Quir\u00f3fanos 2SUR - \u00a1Cont\u00e1ctanos hoy mismo y descubre c\u00f3mo podemos colaborar para mejorar tu experiencia en el quir\u00f3fano!\",\"breadcrumb\":{\"@id\":\"https:\\\/\\\/quirofanos2sur.com\\\/contacto\\\/#breadcrumb\"},\"inLanguage\":\"en-US\",\"potentialAction\":[{\"@type\":\"ReadAction\",\"target\":[\"https:\\\/\\\/quirofanos2sur.com\\\/contacto\\\/\"]}]},{\"@type\":\"BreadcrumbList\",\"@id\":\"https:\\\/\\\/quirofanos2sur.com\\\/contacto\\\/#breadcrumb\",\"itemListElement\":[{\"@type\":\"ListItem\",\"position\":1,\"name\":\"Inicio\",\"item\":\"https:\\\/\\\/quirofanos2sur.com\\\/\"},{\"@type\":\"ListItem\",\"position\":2,\"name\":\"Contacto\"}]},{\"@type\":\"WebSite\",\"@id\":\"https:\\\/\\\/quirofanos2sur.com\\\/#website\",\"url\":\"https:\\\/\\\/quirofanos2sur.com\\\/\",\"name\":\"Quir\u00f3fanos 2SUR\",\"description\":\"\",\"publisher\":{\"@id\":\"https:\\\/\\\/quirofanos2sur.com\\\/#organization\"},\"potentialAction\":[{\"@type\":\"SearchAction\",\"target\":{\"@type\":\"EntryPoint\",\"urlTemplate\":\"https:\\\/\\\/quirofanos2sur.com\\\/?s={search_term_string}\"},\"query-input\":{\"@type\":\"PropertyValueSpecification\",\"valueRequired\":true,\"valueName\":\"search_term_string\"}}],\"inLanguage\":\"en-US\"},{\"@type\":\"Organization\",\"@id\":\"https:\\\/\\\/quirofanos2sur.com\\\/#organization\",\"name\":\"Quir\u00f3fanos 2SUR\",\"url\":\"https:\\\/\\\/quirofanos2sur.com\\\/\",\"logo\":{\"@type\":\"ImageObject\",\"inLanguage\":\"en-US\",\"@id\":\"https:\\\/\\\/quirofanos2sur.com\\\/#\\\/schema\\\/logo\\\/image\\\/\",\"url\":\"https:\\\/\\\/quirofanos2sur.com\\\/wp-content\\\/uploads\\\/2023\\\/12\\\/Capa_1.png\",\"contentUrl\":\"https:\\\/\\\/quirofanos2sur.com\\\/wp-content\\\/uploads\\\/2023\\\/12\\\/Capa_1.png\",\"width\":250,\"height\":53,\"caption\":\"Quir\u00f3fanos 2SUR\"},\"image\":{\"@id\":\"https:\\\/\\\/quirofanos2sur.com\\\/#\\\/schema\\\/logo\\\/image\\\/\"},\"sameAs\":[\"https:\\\/\\\/www.facebook.com\\\/people\\\/Quirfanos-2-Sur\\\/61554219065743\\\/?mibextid=ZbWKwL\",\"https:\\\/\\\/www.instagram.com\\\/quirofanos2sur\\\/\"]}]}<\/script>\n<!-- \/ Yoast SEO plugin. -->","yoast_head_json":{"title":"Contacto - Quir\u00f3fanos 2SUR","description":"Quir\u00f3fanos 2SUR - \u00a1Cont\u00e1ctanos hoy mismo y descubre c\u00f3mo podemos colaborar para mejorar tu experiencia en el quir\u00f3fano!","robots":{"index":"index","follow":"follow","max-snippet":"max-snippet:-1","max-image-preview":"max-image-preview:large","max-video-preview":"max-video-preview:-1"},"canonical":"https:\/\/quirofanos2sur.com\/en\/contacto\/","og_locale":"en_US","og_type":"article","og_title":"Contacto - Quir\u00f3fanos 2SUR","og_description":"Quir\u00f3fanos 2SUR - \u00a1Cont\u00e1ctanos hoy mismo y descubre c\u00f3mo podemos colaborar para mejorar tu experiencia en el quir\u00f3fano!","og_url":"https:\/\/quirofanos2sur.com\/en\/contacto\/","og_site_name":"Quir\u00f3fanos 2SUR","article_publisher":"https:\/\/www.facebook.com\/people\/Quirfanos-2-Sur\/61554219065743\/?mibextid=ZbWKwL","article_modified_time":"2025-08-14T15:32:33+00:00","twitter_card":"summary_large_image","twitter_misc":{"Est. reading time":"1 minute"},"schema":{"@context":"https:\/\/schema.org","@graph":[{"@type":"WebPage","@id":"https:\/\/quirofanos2sur.com\/contacto\/","url":"https:\/\/quirofanos2sur.com\/contacto\/","name":"Contacto - Quir\u00f3fanos 2SUR","isPartOf":{"@id":"https:\/\/quirofanos2sur.com\/#website"},"datePublished":"2023-12-14T16:04:34+00:00","dateModified":"2025-08-14T15:32:33+00:00","description":"Quir\u00f3fanos 2SUR - \u00a1Cont\u00e1ctanos hoy mismo y descubre c\u00f3mo podemos colaborar para mejorar tu experiencia en el quir\u00f3fano!","breadcrumb":{"@id":"https:\/\/quirofanos2sur.com\/contacto\/#breadcrumb"},"inLanguage":"en-US","potentialAction":[{"@type":"ReadAction","target":["https:\/\/quirofanos2sur.com\/contacto\/"]}]},{"@type":"BreadcrumbList","@id":"https:\/\/quirofanos2sur.com\/contacto\/#breadcrumb","itemListElement":[{"@type":"ListItem","position":1,"name":"Inicio","item":"https:\/\/quirofanos2sur.com\/"},{"@type":"ListItem","position":2,"name":"Contacto"}]},{"@type":"WebSite","@id":"https:\/\/quirofanos2sur.com\/#website","url":"https:\/\/quirofanos2sur.com\/","name":"Quir\u00f3fanos 2SUR","description":"","publisher":{"@id":"https:\/\/quirofanos2sur.com\/#organization"},"potentialAction":[{"@type":"SearchAction","target":{"@type":"EntryPoint","urlTemplate":"https:\/\/quirofanos2sur.com\/?s={search_term_string}"},"query-input":{"@type":"PropertyValueSpecification","valueRequired":true,"valueName":"search_term_string"}}],"inLanguage":"en-US"},{"@type":"Organization","@id":"https:\/\/quirofanos2sur.com\/#organization","name":"Quir\u00f3fanos 2SUR","url":"https:\/\/quirofanos2sur.com\/","logo":{"@type":"ImageObject","inLanguage":"en-US","@id":"https:\/\/quirofanos2sur.com\/#\/schema\/logo\/image\/","url":"https:\/\/quirofanos2sur.com\/wp-content\/uploads\/2023\/12\/Capa_1.png","contentUrl":"https:\/\/quirofanos2sur.com\/wp-content\/uploads\/2023\/12\/Capa_1.png","width":250,"height":53,"caption":"Quir\u00f3fanos 2SUR"},"image":{"@id":"https:\/\/quirofanos2sur.com\/#\/schema\/logo\/image\/"},"sameAs":["https:\/\/www.facebook.com\/people\/Quirfanos-2-Sur\/61554219065743\/?mibextid=ZbWKwL","https:\/\/www.instagram.com\/quirofanos2sur\/"]}]}},"_links":{"self":[{"href":"https:\/\/quirofanos2sur.com\/en\/wp-json\/wp\/v2\/pages\/23","targetHints":{"allow":["GET"]}}],"collection":[{"href":"https:\/\/quirofanos2sur.com\/en\/wp-json\/wp\/v2\/pages"}],"about":[{"href":"https:\/\/quirofanos2sur.com\/en\/wp-json\/wp\/v2\/types\/page"}],"author":[{"embeddable":true,"href":"https:\/\/quirofanos2sur.com\/en\/wp-json\/wp\/v2\/users\/1"}],"replies":[{"embeddable":true,"href":"https:\/\/quirofanos2sur.com\/en\/wp-json\/wp\/v2\/comments?post=23"}],"version-history":[{"count":46,"href":"https:\/\/quirofanos2sur.com\/en\/wp-json\/wp\/v2\/pages\/23\/revisions"}],"predecessor-version":[{"id":1707,"href":"https:\/\/quirofanos2sur.com\/en\/wp-json\/wp\/v2\/pages\/23\/revisions\/1707"}],"wp:attachment":[{"href":"https:\/\/quirofanos2sur.com\/en\/wp-json\/wp\/v2\/media?parent=23"}],"curies":[{"name":"wp","href":"https:\/\/api.w.org\/{rel}","templated":true}]}}